{"id":12197,"date":"2018-08-19T08:39:07","date_gmt":"2018-08-19T07:39:07","guid":{"rendered":"http:\/\/www.pufuletigusto.ro\/spoturi\/"},"modified":"2019-02-04T16:38:06","modified_gmt":"2019-02-04T14:38:06","slug":"spoturi","status":"publish","type":"page","link":"https:\/\/www.pufuletigusto.ro\/en\/spoturi\/","title":{"rendered":"Spoturi"},"content":{"rendered":"[vc_row full_width=&#8221;stretch_row_content_no_spaces&#8221;][vc_column][vc_single_image image=&#8221;11877&#8243; img_size=&#8221;full&#8221;][\/vc_column][\/vc_row][vc_row css=&#8221;.vc_custom_1534664542295{padding-top: 30px !important;padding-bottom: 50px !important;}&#8221;][vc_column][vc_column_text]\n<div style=\"max-width: 650px; margin: 0 auto;\">\n<h1 style=\"text-align: center;\">Spoturi &amp; Reclame Video<\/h1>\n<p style=\"text-align: center;\"><a href=\"https:\/\/www.pufuletigusto.ro\/comunicate-de-presa\/\">Comunicate de Pres\u0103<\/a> \/ <a href=\"http:\/\/www.pufuletigusto.ro\/articole-de-presa\/\">Articole de Pres\u0103<\/a> \/ <a href=\"https:\/\/www.pufuletigusto.ro\/proiecte\/\">Proiecte<\/a>\u00a0\/ Spoturi<\/p>\n<\/div>\n[\/vc_column_text][\/vc_column][\/vc_row][vc_row][vc_column width=&#8221;1\/2&#8243; css=&#8221;.vc_custom_1535810863572{padding-bottom: 15px !important;}&#8221;][vc_video link=&#8221;https:\/\/youtu.be\/rsei5P9LJOA&#8221; css=&#8221;.vc_custom_1537430278053{padding-bottom: 20px !important;}&#8221;][vc_column_text]\n<h2>Pufuletii Gusto pasesc in universul Disney, printr-un parteneriat menit sa aduca multa bucurie pe fetele copiilor, 2015<\/h2>\n<p>Noul produs Gusto Pufuleti Super Suprize Disney reprezinta continuarea fireasca a gamei de Pufuleti Gusto cu Surprize, foarte apreciata in randul consumatorilor nostri.<\/p>\n<p>Dupa mai bine de 1 an de lucru la acest proiect frumos, ne bucuram sa anuntam lansarea pe piata a Pufuletilor Gusto cu Super Surprize Disney![\/vc_column_text][\/vc_column][vc_column width=&#8221;1\/2&#8243; css=&#8221;.vc_custom_1535810869727{padding-bottom: 15px !important;}&#8221;][vc_video link=&#8221;https:\/\/vimeo.com\/52554605&#8243; css=&#8221;.vc_custom_1534664766040{padding-bottom: 20px !important;}&#8221;][vc_column_text]\n<div class=\"views-field views-field-title\">\n<h2 class=\"field-content\">Gusto Pufule\u021bi cu MegaSurprize \u2013 Promo\u021bie P\u0103pu\u0219a de Vis, 2012<\/h2>\n<\/div>\n<div class=\"views-field views-field-body\">\n<div class=\"field-content\">\n<p>In luna decembrie 2012, Gusto Pufule\u021bi cu MegaSurprize au organizat promo\u021bia denumita\u00a0<em>P\u0103pu\u0219a de Vis<\/em>, iar consumatori din toat\u0103 \u021bara au avut posibilitatea de a c\u00e2\u0219tiga una dintre cele 200 de p\u0103pu\u0219i vorbitoare, visate de orice feti\u021b\u0103, devenind rapid cele mai bune prietene ale celor care le-au c\u00e2\u0219tigat.<\/p>\n<p>Premiile au fost oferite prin targere la sorti.<\/p>\n<\/div>\n<\/div>\n[\/vc_column_text][\/vc_column][\/vc_row][vc_row css=&#8221;.vc_custom_1534664794369{padding-top: 40px !important;padding-bottom: 40px !important;}&#8221;][vc_column][vc_separator][\/vc_column][\/vc_row][vc_row][vc_column width=&#8221;1\/2&#8243; css=&#8221;.vc_custom_1535810863572{padding-bottom: 15px !important;}&#8221;][vc_video link=&#8221;https:\/\/vimeo.com\/52554606&#8243; css=&#8221;.vc_custom_1534664759383{padding-bottom: 20px !important;}&#8221;][vc_column_text]\n<div class=\"views-row views-row-2 views-row-even\">\n<div class=\"views-row-inner\">\n<div class=\"views-field views-field-title\">\n<h2 class=\"field-content\">Gusto Pufule\u021bi cu MegaSurprize \u2013 Promo\u021bie Ma\u0219inu\u021ba Teleghidat\u0103, 2012<\/h2>\n<\/div>\n<div class=\"views-field views-field-body\">\n<div class=\"field-content\">\n<p>In luna decembrie 2012, consumatori din toat\u0103 \u021bara au participat la promo\u021bia organizat\u0103 de Gusto Pufule\u021bi cu MegaSurprize, av\u00e2nd posibilitatea de a c\u00e2\u0219tiga una dintre cele 200 de ma\u0219inute teleghidate, gata de joac\u0103 si aventur\u0103. Premiile au fost oferite prin targere la sorti.<\/p>\n<\/div>\n<\/div>\n<\/div>\n<\/div>\n<div class=\"views-row views-row-3 views-row-odd\">\n<div class=\"views-row-inner\">\n<div class=\"views-field views-field-field-spot\">\n<div class=\"field-content\">\n<div class=\"embedded-video\">\n<div class=\"player\"><\/div>\n<\/div>\n<\/div>\n<\/div>\n<\/div>\n<\/div>\n[\/vc_column_text][\/vc_column][vc_column width=&#8221;1\/2&#8243;][vc_video link=&#8221;https:\/\/www.youtube.com\/watch?v=bHlJWioujCI&#8221; css=&#8221;.vc_custom_1534664743050{padding-bottom: 20px !important;}&#8221;][vc_column_text]\n<div class=\"views-field views-field-title\">\n<div class=\"views-row views-row-3 views-row-odd\">\n<div class=\"views-row-inner\">\n<div class=\"views-field views-field-title\">\n<h2 class=\"field-content\">Gusto Pufule\u021bi cu MegaSuprize, 2010<\/h2>\n<\/div>\n<div class=\"views-field views-field-body\">\n<div class=\"field-content\">\n<p>Pufuletii Gusto cu MegaSurprize ascund adev\u0103rate juc\u0103rii pentru copii. Micu\u021bii pot colec\u021biona o gam\u0103 larg\u0103 de juc\u0103rii foarte atractive: jocuri logice, \u0219ah, rummy, ma\u0219ini, avioane, p\u0103pu\u0219i frumoase \u0219i multe altele, tot ce pot ei g\u00e2ndi! Dimensiunile juc\u0103riilor sunt \u00eentr-adevar &#8220;Mega&#8221;, oferind oric\u0103rui copil o MegaSurpriz\u0103 la deschiderea pungii de pufule\u021bi!<\/p>\n<\/div>\n<\/div>\n<\/div>\n<\/div>\n<\/div>\n[\/vc_column_text][\/vc_column][\/vc_row][vc_row css=&#8221;.vc_custom_1534664794369{padding-top: 40px !important;padding-bottom: 40px !important;}&#8221;][vc_column][vc_separator][\/vc_column][\/vc_row][vc_row][vc_column width=&#8221;1\/2&#8243; css=&#8221;.vc_custom_1535810876616{padding-bottom: 15px !important;}&#8221;][vc_video link=&#8221;https:\/\/www.youtube.com\/watch?v=jasN5PY0z34&#8243; css=&#8221;.vc_custom_1534664750336{padding-bottom: 20px !important;}&#8221;][vc_column_text]\n<div class=\"views-row views-row-2 views-row-even\">\n<div class=\"views-row-inner\">\n<div class=\"views-field views-field-title\">\n<div class=\"views-field views-field-title\">\n<h2 class=\"field-content\">Gusto Pufuleti Reclama Dog Face \u2013 SPUFF, 2009<\/h2>\n<\/div>\n<div class=\"views-field views-field-body\">\n<div class=\"field-content\">\n<p>Optimismul Pufule\u021bilor Gusto este indestructibil! Trebuie s\u0103 g\u0103sim p\u0103r\u021bile pozitive, chiar \u0219i \u00een cazurile extreme, s\u0103 reu\u0219im s\u0103 ne p\u0103str\u0103m optimismul \u0219i s\u0103 ne adapt\u0103m noilor provoc\u0103ri ale vie\u021bii.<\/p>\n<p>Spot-ul ilustreaz\u0103 cazul unui b\u0103rbat care s-a trezit din senin cu o fa\u021b\u0103 de c\u00e2ine \u00een locul celei umane \u2013 o situa\u021bie pu\u021bin probabil\u0103 \u00een via\u021ba de zi cu zi, totu\u0219i acesta este un exemplu de optimism indestructibil prin atitudinea sa \u00een fa\u021ba acestei noi experien\u021be.<\/p>\n<\/div>\n<\/div>\n<\/div>\n<\/div>\n<\/div>\n[\/vc_column_text][\/vc_column][\/vc_row]\n<!-- AddThis Advanced Settings generic via filter on the_content --><!-- AddThis Share Buttons generic via filter on the_content -->","protected":false},"excerpt":{"rendered":"<p>[vc_row full_width=&#8221;stretch_row_content_no_spaces&#8221;][vc_column][vc_single_image image=&#8221;11877&#8243; img_size=&#8221;full&#8221;][\/vc_column][\/vc_row][vc_row css=&#8221;.vc_custom_1534664542295{padding-top: 30px !important;padding-bottom: 50px !important;}&#8221;][vc_column][vc_column_text]<\/p>\n<p>Spoturi &amp; Reclame Video<br \/>\nComunicate de Pres\u0103 \/ Articole de Pres\u0103 \/ Proiecte\u00a0\/ Spoturi<\/p>\n<p>[\/vc_column_text][\/vc_column][\/vc_row][vc_row][vc_column width=&#8221;1\/2&#8243; css=&#8221;.vc_custom_1535810863572{padding-bottom: 15px !important;}&#8221;][vc_video link=&#8221;https:\/\/youtu.be\/rsei5P9LJOA&#8221; css=&#8221;.vc_custom_1537430278053{padding-bottom: 20px !important;}&#8221;][vc_column_text]<br \/>\nPufuletii Gusto pasesc in universul Disney, printr-un parteneriat menit sa aduca multa bucurie pe fetele copiilor, 2015<br \/>\nNoul produs Gusto Pufuleti Super Suprize Disney reprezinta continuarea fireasca a gamei de Pufuleti Gusto cu Surprize, foarte apreciata in randul consumatorilor nostri.<br \/>\nDupa mai bine de 1 an &#8230;<!-- AddThis Advanced Settings generic via filter on get_the_excerpt --><!-- AddThis Share Buttons generic via filter on get_the_excerpt --><\/p>\n","protected":false},"author":5,"featured_media":0,"parent":0,"menu_order":0,"comment_status":"closed","ping_status":"closed","template":"","meta":{"footnotes":""},"class_list":["post-12197","page","type-page","status-publish","hentry"],"yoast_head":"<!-- This site is optimized with the Yoast SEO plugin v27.5 - https:\/\/yoast.com\/product\/yoast-seo-wordpress\/ -->\n<title>Spoturi - Pufuleti Gusto<\/title>\n<meta name=\"robots\" content=\"index, follow, max-snippet:-1, max-image-preview:large, max-video-preview:-1\" \/>\n<link rel=\"canonical\" href=\"https:\/\/www.pufuletigusto.ro\/en\/spoturi\/\" \/>\n<meta property=\"og:locale\" content=\"en_US\" \/>\n<meta property=\"og:type\" content=\"article\" \/>\n<meta property=\"og:title\" content=\"Spoturi - Pufuleti Gusto\" \/>\n<meta property=\"og:description\" content=\"[vc_row full_width=&#8221;stretch_row_content_no_spaces&#8221;][vc_column][vc_single_image image=&#8221;11877&#8243; img_size=&#8221;full&#8221;][\/vc_column][\/vc_row][vc_row css=&#8221;.vc_custom_1534664542295{padding-top: 30px !important;padding-bottom: 50px !important;}&#8221;][vc_column][vc_column_text] Spoturi &amp; Reclame Video Comunicate de Pres\u0103 \/ Articole de Pres\u0103 \/ Proiecte\u00a0\/ Spoturi [\/vc_column_text][\/vc_column][\/vc_row][vc_row][vc_column width=&#8221;1\/2&#8243; css=&#8221;.vc_custom_1535810863572{padding-bottom: 15px !important;}&#8221;][vc_video link=&#8221;https:\/\/youtu.be\/rsei5P9LJOA&#8221; css=&#8221;.vc_custom_1537430278053{padding-bottom: 20px !important;}&#8221;][vc_column_text] Pufuletii Gusto pasesc in universul Disney, printr-un parteneriat menit sa aduca multa bucurie pe fetele copiilor, 2015 Noul produs Gusto Pufuleti Super Suprize Disney reprezinta continuarea fireasca a gamei de Pufuleti Gusto cu Surprize, foarte apreciata in randul consumatorilor nostri. Dupa mai bine de 1 an ...\" \/>\n<meta property=\"og:url\" content=\"https:\/\/www.pufuletigusto.ro\/en\/spoturi\/\" \/>\n<meta property=\"og:site_name\" content=\"Pufuleti Gusto\" \/>\n<meta property=\"article:modified_time\" content=\"2019-02-04T14:38:06+00:00\" \/>\n<meta name=\"twitter:card\" content=\"summary_large_image\" \/>\n<meta name=\"twitter:label1\" content=\"Est. reading time\" \/>\n\t<meta name=\"twitter:data1\" content=\"3 minutes\" \/>\n<script type=\"application\/ld+json\" class=\"yoast-schema-graph\">{\"@context\":\"https:\\\/\\\/schema.org\",\"@graph\":[{\"@type\":\"WebPage\",\"@id\":\"https:\\\/\\\/www.pufuletigusto.ro\\\/en\\\/spoturi\\\/\",\"url\":\"https:\\\/\\\/www.pufuletigusto.ro\\\/en\\\/spoturi\\\/\",\"name\":\"Spoturi - Pufuleti Gusto\",\"isPartOf\":{\"@id\":\"https:\\\/\\\/www.pufuletigusto.ro\\\/#website\"},\"datePublished\":\"2018-08-19T07:39:07+00:00\",\"dateModified\":\"2019-02-04T14:38:06+00:00\",\"breadcrumb\":{\"@id\":\"https:\\\/\\\/www.pufuletigusto.ro\\\/en\\\/spoturi\\\/#breadcrumb\"},\"inLanguage\":\"en-US\",\"potentialAction\":[{\"@type\":\"ReadAction\",\"target\":[\"https:\\\/\\\/www.pufuletigusto.ro\\\/en\\\/spoturi\\\/\"]}]},{\"@type\":\"BreadcrumbList\",\"@id\":\"https:\\\/\\\/www.pufuletigusto.ro\\\/en\\\/spoturi\\\/#breadcrumb\",\"itemListElement\":[{\"@type\":\"ListItem\",\"position\":1,\"name\":\"Home\",\"item\":\"https:\\\/\\\/www.pufuletigusto.ro\\\/en\\\/\"},{\"@type\":\"ListItem\",\"position\":2,\"name\":\"Spoturi\"}]},{\"@type\":\"WebSite\",\"@id\":\"https:\\\/\\\/www.pufuletigusto.ro\\\/#website\",\"url\":\"https:\\\/\\\/www.pufuletigusto.ro\\\/\",\"name\":\"Pufuleti Gusto\",\"description\":\"For fun\",\"potentialAction\":[{\"@type\":\"SearchAction\",\"target\":{\"@type\":\"EntryPoint\",\"urlTemplate\":\"https:\\\/\\\/www.pufuletigusto.ro\\\/?s={search_term_string}\"},\"query-input\":{\"@type\":\"PropertyValueSpecification\",\"valueRequired\":true,\"valueName\":\"search_term_string\"}}],\"inLanguage\":\"en-US\"}]}<\/script>\n<!-- \/ Yoast SEO plugin. -->","yoast_head_json":{"title":"Spoturi - Pufuleti Gusto","robots":{"index":"index","follow":"follow","max-snippet":"max-snippet:-1","max-image-preview":"max-image-preview:large","max-video-preview":"max-video-preview:-1"},"canonical":"https:\/\/www.pufuletigusto.ro\/en\/spoturi\/","og_locale":"en_US","og_type":"article","og_title":"Spoturi - Pufuleti Gusto","og_description":"[vc_row full_width=&#8221;stretch_row_content_no_spaces&#8221;][vc_column][vc_single_image image=&#8221;11877&#8243; img_size=&#8221;full&#8221;][\/vc_column][\/vc_row][vc_row css=&#8221;.vc_custom_1534664542295{padding-top: 30px !important;padding-bottom: 50px !important;}&#8221;][vc_column][vc_column_text] Spoturi &amp; Reclame Video Comunicate de Pres\u0103 \/ Articole de Pres\u0103 \/ Proiecte\u00a0\/ Spoturi [\/vc_column_text][\/vc_column][\/vc_row][vc_row][vc_column width=&#8221;1\/2&#8243; css=&#8221;.vc_custom_1535810863572{padding-bottom: 15px !important;}&#8221;][vc_video link=&#8221;https:\/\/youtu.be\/rsei5P9LJOA&#8221; css=&#8221;.vc_custom_1537430278053{padding-bottom: 20px !important;}&#8221;][vc_column_text] Pufuletii Gusto pasesc in universul Disney, printr-un parteneriat menit sa aduca multa bucurie pe fetele copiilor, 2015 Noul produs Gusto Pufuleti Super Suprize Disney reprezinta continuarea fireasca a gamei de Pufuleti Gusto cu Surprize, foarte apreciata in randul consumatorilor nostri. Dupa mai bine de 1 an ...","og_url":"https:\/\/www.pufuletigusto.ro\/en\/spoturi\/","og_site_name":"Pufuleti Gusto","article_modified_time":"2019-02-04T14:38:06+00:00","twitter_card":"summary_large_image","twitter_misc":{"Est. reading time":"3 minutes"},"schema":{"@context":"https:\/\/schema.org","@graph":[{"@type":"WebPage","@id":"https:\/\/www.pufuletigusto.ro\/en\/spoturi\/","url":"https:\/\/www.pufuletigusto.ro\/en\/spoturi\/","name":"Spoturi - Pufuleti Gusto","isPartOf":{"@id":"https:\/\/www.pufuletigusto.ro\/#website"},"datePublished":"2018-08-19T07:39:07+00:00","dateModified":"2019-02-04T14:38:06+00:00","breadcrumb":{"@id":"https:\/\/www.pufuletigusto.ro\/en\/spoturi\/#breadcrumb"},"inLanguage":"en-US","potentialAction":[{"@type":"ReadAction","target":["https:\/\/www.pufuletigusto.ro\/en\/spoturi\/"]}]},{"@type":"BreadcrumbList","@id":"https:\/\/www.pufuletigusto.ro\/en\/spoturi\/#breadcrumb","itemListElement":[{"@type":"ListItem","position":1,"name":"Home","item":"https:\/\/www.pufuletigusto.ro\/en\/"},{"@type":"ListItem","position":2,"name":"Spoturi"}]},{"@type":"WebSite","@id":"https:\/\/www.pufuletigusto.ro\/#website","url":"https:\/\/www.pufuletigusto.ro\/","name":"Pufuleti Gusto","description":"For fun","potentialAction":[{"@type":"SearchAction","target":{"@type":"EntryPoint","urlTemplate":"https:\/\/www.pufuletigusto.ro\/?s={search_term_string}"},"query-input":{"@type":"PropertyValueSpecification","valueRequired":true,"valueName":"search_term_string"}}],"inLanguage":"en-US"}]}},"_links":{"self":[{"href":"https:\/\/www.pufuletigusto.ro\/en\/wp-json\/wp\/v2\/pages\/12197","targetHints":{"allow":["GET"]}}],"collection":[{"href":"https:\/\/www.pufuletigusto.ro\/en\/wp-json\/wp\/v2\/pages"}],"about":[{"href":"https:\/\/www.pufuletigusto.ro\/en\/wp-json\/wp\/v2\/types\/page"}],"author":[{"embeddable":true,"href":"https:\/\/www.pufuletigusto.ro\/en\/wp-json\/wp\/v2\/users\/5"}],"replies":[{"embeddable":true,"href":"https:\/\/www.pufuletigusto.ro\/en\/wp-json\/wp\/v2\/comments?post=12197"}],"version-history":[{"count":16,"href":"https:\/\/www.pufuletigusto.ro\/en\/wp-json\/wp\/v2\/pages\/12197\/revisions"}],"predecessor-version":[{"id":15628,"href":"https:\/\/www.pufuletigusto.ro\/en\/wp-json\/wp\/v2\/pages\/12197\/revisions\/15628"}],"wp:attachment":[{"href":"https:\/\/www.pufuletigusto.ro\/en\/wp-json\/wp\/v2\/media?parent=12197"}],"curies":[{"name":"wp","href":"https:\/\/api.w.org\/{rel}","templated":true}]}}